{"id":2800,"date":"2021-05-12T19:52:51","date_gmt":"2021-05-12T19:52:51","guid":{"rendered":"https:\/\/forgasa.com\/?page_id=2800"},"modified":"2022-04-19T17:41:01","modified_gmt":"2022-04-19T17:41:01","slug":"aviso-legal","status":"publish","type":"page","link":"https:\/\/forgasa.com\/en\/aviso-legal\/","title":{"rendered":"Legal warning"},"content":{"rendered":"<p class=\"wp-block-paragraph\"><strong>1.- \u00c1mbito de aplicaci\u00f3n<\/strong><br \/>Las presentes CONDICIONES GENERALES DE VENTA -en adelante CGV SAMCA- ser\u00e1n de aplicaci\u00f3n a todas las compraventas o suministros -en lo sucesivo, la VENTA-, en las que SAMCA sea suministrador o vendedor, de mercanc\u00edas o cualquier otro bien -en lo sucesivo, el OBJETO DE LA VENTA- para los que no se haya otorgado un contrato espec\u00edfico suscrito por SAMCA y el COMPRADOR. Ser\u00e1n publicadas para el conocimiento general de todos los COMPRADORES en la p\u00e1gina web de SAMCA y se facilitar\u00e1 un ejemplar de las mismas, en soporte papel o archivo digital, al COMPRADOR que as\u00ed lo solicite. Las presentes CGV SAMCA se aplicar\u00e1n desde el 1\u00ba de julio de 2016 hasta que sean sustituidas por otras posteriores.<\/p>\n\n\n\n<p class=\"wp-block-paragraph\"><strong>2.- Documentaci\u00f3n de la VENTA<\/strong><br \/>La VENTA se documenta en la OFERTA de SAMCA -en lo sucesivo, la OFERTA- y, en su caso, en la aceptaci\u00f3n de la oferta por parte del COMPRADOR. La aceptaci\u00f3n de la OFERTA por parte del COMPRADOR conllevar\u00e1 la aceptaci\u00f3n por su parte de las presentes CGV SAMCA en esa VENTA, que ser\u00e1n las \u00fanicas que la regular\u00e1n, incluso en el supuesto de que el COMPRADOR dispusiera de unas condiciones generales de compra o similares, cuya aplicaci\u00f3n quedar\u00e1 totalmente sustituida por las presentes. Si el COMPRADOR quisiera introducir en la VENTA cualquier cl\u00e1usula, pacto o condici\u00f3n diferente de los regulados en la OFERTA o en las presentes CGV SAMCA, el COMPRADOR deber\u00e1 solicitarlo expresamente en su documento de aceptaci\u00f3n de oferta y recabar la conformidad escrita de su solicitud por parte de SAMCA. La referencia a sus condiciones generales se tendr\u00e1 por no hecha salvo que hubieran sido expresamente aceptadas por escrito por SAMCA. En defecto de un documento de aceptaci\u00f3n de OFERTA, se entender\u00e1 por aceptaci\u00f3n de la OFERTA por el COMPRADOR el comienzo de cualquier trabajo o la ejecuci\u00f3n de cualquier acto por parte del mismo, que implique el inicio de la ejecuci\u00f3n de la OFERTA.<\/p>\n\n\n\n<p class=\"wp-block-paragraph\"><strong>3.- Precio y forma de pago<\/strong><br \/>El precio y la forma de pago ser\u00e1n los especificados en la OFERTA.<\/p>\n\n\n\n<p class=\"wp-block-paragraph\"><strong>4.- Lugar, fecha y condiciones de entrega<\/strong><br \/>El lugar, la fecha y las condiciones de entrega ser\u00e1n las indicadas en la OFERTA. La entrega deber\u00e1 ser aceptada por el COMPRADOR siempre y cuando se realice en la fecha de entrega indicada en la OFERTA y el OBJETO DE LA COMPRA cumpla la integridad de lo especificado en la OFERTA. Si el OBJETO DE LA VENTA se entregase embalado o para determinar su calidad fuera necesario realizar an\u00e1lisis, y los controles de calidad del COMPRADOR pusieran de manifiesto que el OBJETO DE LA VENTA no cumple con la calidad acordada, el COMPRADOR podr\u00e1 rechazar el OBJETO DE LA VENTA en el plazo de siete d\u00edas desde la entrega del OBJETO DE LA VENTA, debiendo SAMCA proceder a retirar el OBJETO DE LA VENTA siendo a cuenta y cargo de SAMCA todos los gastos que ello conlleve. En caso de producirse una discrepancia de calidad entre SAMCA y el COMPRADOR, la misma se someter\u00e1 a dictamen de un organismo oficial competente en la materia, elegido por el COMPRADOR, para que efect\u00fae un an\u00e1lisis alternativo, siendo dicho dictamen vinculante para ambas partes. Los gastos de dicho dictamen ser\u00e1n abonados por la parte contra la que se resuelva la discrepancia. En las VENTAS en las que el OBJETO DE LA VENTA sea pastas o productos cer\u00e1micos, dicho organismo ser\u00e1 el Instituto de Tecnolog\u00eda Cer\u00e1mica de Castell\u00f3n. SAMCA y el COMPRADOR abonar\u00e1n los gastos que a cada uno le correspondan conforme a los incoterms fijados en la OFERTA o, en su defecto, conforme a las condiciones de entrega establecidas en la misma.<\/p>\n\n\n\n<p class=\"wp-block-paragraph\"><strong>5.- Garant\u00eda<\/strong><br \/>SAMCA garantiza que el OBJETO DE LA VENTA posee las especificaciones t\u00e9cnicas rese\u00f1adas en la OFERTA En el caso de que existe una garant\u00eda adicional por parte de SAMCA, dicha garant\u00eda se extender\u00e1 en los estrictos t\u00e9rminos en los que haya sido concedida. En cualquier otro caso, SAMCA no garantiza la utilizaci\u00f3n que del OBJETO DE LA VENTA se realice por el COMPRADOR o por los clientes de \u00e9ste, ni sus aplicaciones potenciales, ni su aptitud para el uso para el que lo destine el COMPRADOR o sus clientes.<\/p>\n\n\n\n<p class=\"wp-block-paragraph\"><strong>6.- Cesi\u00f3n<\/strong><br \/>Ninguna de las partes podr\u00e1 ceder los derechos y obligaciones de la OFERTA sin el consentimiento escrito de la otra parte, con la sola excepci\u00f3n de que SAMCA puede ceder la OFERTA, en todo o en parte, a cualquiera de las compa\u00f1\u00edas que formen parte de su grupo de sociedades.<\/p>\n\n\n\n<p class=\"wp-block-paragraph\"><strong>7.- Tributos<\/strong><br \/>Con excepci\u00f3n del IVA, que ser\u00e1 soportado por quien corresponda legalmente, cualquier tributo asociado a la VENTA ser\u00e1 abonado por el COMPRADOR.<\/p>\n\n\n\n<p class=\"wp-block-paragraph\"><strong>8.- Suspensi\u00f3n de la VENTA por SAMCA<\/strong><br \/>En caso de incumplimiento y\/o falta de cumplimiento puntual o adecuado de cualquiera de las obligaciones del COMPRADOR, SAMCA tendr\u00e1 derecho a la suspensi\u00f3n de su ejecuci\u00f3n en todo o en parte, siendo responsable el COMPRADOR de cuantos da\u00f1os y perjuicios cause tal suspensi\u00f3n a SAMCA. Ello se realizar\u00e1 mediante notificaci\u00f3n escrita de SAMCA dirigida a COMPRADOR.<\/p>\n\n\n\n<p class=\"wp-block-paragraph\"><strong>9.- L\u00edmite de responsabilidad<\/strong><br \/>Los precios de SAMCA son elaborados y negociados sobre la base de que su responsabilidad m\u00e1xima frente al COMPRADOR, por cualquier concepto, est\u00e1 limitada al precio abonado por el OBJETO DE LA VENTA causante del da\u00f1o. La responsabilidad de SAMCA en ning\u00fan caso incluir\u00e1 da\u00f1os indirectos y consecuenciales, que ser\u00e1n asumidos por el COMPRADOS. No se aplicar\u00e1n dichas limitaciones en caso de dolo de SAMCA. Tampoco se aplicar\u00e1n dichas limitaciones cuando exista un pacto en tal sentido suscrito por SAMCA y el COMPRADOR, en cuyo caso se estar\u00e1 a lo pactado.<\/p>\n\n\n\n<p class=\"wp-block-paragraph\"><strong>10.- Protecci\u00f3n de datos<\/strong><br \/>En cumplimiento de los dispuesto en la Ley Org\u00e1nica 15\/1999 de 13 de diciembre de Protecci\u00f3n de Datos de Car\u00e1cter Personal, los datos de car\u00e1cter personal facilitados por el COMPRADOR formar\u00e1n parte del fichero de clientes de SAMCA, cuyos fines son el mantenimiento de la relaci\u00f3n contractual, el control y gesti\u00f3n de las ventas y sus correspondientes cobros. SAMCA tratar\u00e1 dichos datos con la m\u00e1xima confidencialidad, y se compromete a no utilizarlos para un fin distinto a aquel para el que han sido recabados, as\u00ed como a conservarlos con las debidas medidas que garanticen su seguridad y eviten su alteraci\u00f3n, p\u00e9rdida, tratamiento o acceso no autorizados. SAMCA se compromete a guardar secreto profesional respecto de los referidos datos personales, incluso una vez finalizada la relaci\u00f3n contractual. El COMPRADOR autoriza a SAMCA a conservar sus datos durante un periodo de cinco a\u00f1os una vez cumplida la prestaci\u00f3n contractual. El COMPRADOR tiene la posibilidad de ejercitar los derechos de acceso, rectificaci\u00f3n, cancelaci\u00f3n y oposici\u00f3n dirigiendo una comunicaci\u00f3n por escrito a la atenci\u00f3n del Responsable de Protecci\u00f3n de Datos del Grupo SAMCA, Paseo de la Independencia 21, Planta 6\u00aa (50001 \u2013 Zaragoza).<\/p>\n\n\n\n<p class=\"wp-block-paragraph\"><strong>11.- Legislaci\u00f3n aplicable<\/strong><br \/>La VENTA se regir\u00e1 por la legislaci\u00f3n espa\u00f1ola.<\/p>","protected":false},"excerpt":{"rendered":"<p>1.- \u00c1mbito de aplicaci\u00f3nLas presentes CONDICIONES GENERALES DE VENTA -en adelante CGV SAMCA- ser\u00e1n de aplicaci\u00f3n a todas las compraventas o suministros -en lo sucesivo, la VENTA-, en las que SAMCA sea suministrador o vendedor, de mercanc\u00edas o cualquier otro bien -en lo sucesivo, el OBJETO DE LA VENTA- para los que no se haya [&hellip;]<\/p>\n","protected":false},"author":1,"featured_media":0,"parent":0,"menu_order":0,"comment_status":"closed","ping_status":"closed","template":"","meta":{"_crdt_document":"","footnotes":""},"class_list":["post-2800","page","type-page","status-publish","hentry"],"nelio_popups_active_popup":"","yoast_head":"<!-- This site is optimized with the Yoast SEO plugin v27.4 - https:\/\/yoast.com\/product\/yoast-seo-wordpress\/ -->\n<title>Aviso legal | Forgasa | El futuro de la agricultura sostenible y rentableForgasa | El futuro de la agricultura sostenible y rentableForgasa | El futuro de la agricultura sostenible y rentableForgasa | El futuro de la agricultura sostenible y rentableForgasa | El futuro de la agricultura sostenible y rentableForgasa | El futuro de la agricultura sostenible y rentableForgasa | El futuro de la agricultura sostenible y rentable<\/title>\n<meta name=\"robots\" content=\"noindex, nofollow\" \/>\n<meta property=\"og:locale\" content=\"en_GB\" \/>\n<meta property=\"og:type\" content=\"article\" \/>\n<meta property=\"og:title\" content=\"Aviso legal | Forgasa | El futuro de la agricultura sostenible y rentableForgasa | El futuro de la agricultura sostenible y rentableForgasa | El futuro de la agricultura sostenible y rentableForgasa | El futuro de la agricultura sostenible y rentableForgasa | El futuro de la agricultura sostenible y rentableForgasa | El futuro de la agricultura sostenible y rentableForgasa | El futuro de la agricultura sostenible y rentable\" \/>\n<meta property=\"og:description\" content=\"1.- \u00c1mbito de aplicaci\u00f3nLas presentes CONDICIONES GENERALES DE VENTA -en adelante CGV SAMCA- ser\u00e1n de aplicaci\u00f3n a todas las compraventas o suministros -en lo sucesivo, la VENTA-, en las que SAMCA sea suministrador o vendedor, de mercanc\u00edas o cualquier otro bien -en lo sucesivo, el OBJETO DE LA VENTA- para los que no se haya [&hellip;]\" \/>\n<meta property=\"og:url\" content=\"https:\/\/fima.forgasa.com\/aviso-legal\/\" \/>\n<meta property=\"og:site_name\" content=\"Forgasa | El futuro de la agricultura sostenible y rentableForgasa | El futuro de la agricultura sostenible y rentableForgasa | El futuro de la agricultura sostenible y rentableForgasa | El futuro de la agricultura sostenible y rentableForgasa | El futuro de la agricultura sostenible y rentableForgasa | El futuro de la agricultura sostenible y rentableForgasa | El futuro de la agricultura sostenible y rentable\" \/>\n<meta property=\"article:modified_time\" content=\"2022-04-19T17:41:01+00:00\" \/>\n<meta property=\"og:image\" content=\"https:\/\/forgasa.com\/wp-content\/uploads\/2021\/05\/cropped-Favicon_FORGASA.png\" \/>\n\t<meta property=\"og:image:width\" content=\"512\" \/>\n\t<meta property=\"og:image:height\" content=\"512\" \/>\n\t<meta property=\"og:image:type\" content=\"image\/png\" \/>\n<meta name=\"twitter:card\" content=\"summary_large_image\" \/>\n<meta name=\"twitter:label1\" content=\"Estimated reading time\" \/>\n\t<meta name=\"twitter:data1\" content=\"6 minutes\" \/>\n<script type=\"application\/ld+json\" class=\"yoast-schema-graph\">{\"@context\":\"https:\\\/\\\/schema.org\",\"@graph\":[{\"@type\":\"WebPage\",\"@id\":\"https:\\\/\\\/fima.forgasa.com\\\/aviso-legal\\\/\",\"url\":\"https:\\\/\\\/fima.forgasa.com\\\/aviso-legal\\\/\",\"name\":\"Aviso legal | Forgasa | El futuro de la agricultura sostenible y rentableForgasa | El futuro de la agricultura sostenible y rentableForgasa | El futuro de la agricultura sostenible y rentableForgasa | El futuro de la agricultura sostenible y rentableForgasa | El futuro de la agricultura sostenible y rentableForgasa | El futuro de la agricultura sostenible y rentableForgasa | El futuro de la agricultura sostenible y rentable\",\"isPartOf\":{\"@id\":\"https:\\\/\\\/forgasa.com\\\/#website\"},\"datePublished\":\"2021-05-12T19:52:51+00:00\",\"dateModified\":\"2022-04-19T17:41:01+00:00\",\"breadcrumb\":{\"@id\":\"https:\\\/\\\/fima.forgasa.com\\\/aviso-legal\\\/#breadcrumb\"},\"inLanguage\":\"en-GB\",\"potentialAction\":[{\"@type\":\"ReadAction\",\"target\":[\"https:\\\/\\\/fima.forgasa.com\\\/aviso-legal\\\/\"]}]},{\"@type\":\"BreadcrumbList\",\"@id\":\"https:\\\/\\\/fima.forgasa.com\\\/aviso-legal\\\/#breadcrumb\",\"itemListElement\":[{\"@type\":\"ListItem\",\"position\":1,\"name\":\"Portada\",\"item\":\"https:\\\/\\\/forgasa.com\\\/\"},{\"@type\":\"ListItem\",\"position\":2,\"name\":\"Aviso legal\"}]},{\"@type\":\"WebSite\",\"@id\":\"https:\\\/\\\/forgasa.com\\\/#website\",\"url\":\"https:\\\/\\\/forgasa.com\\\/\",\"name\":\"Forgasa | El futuro de la agricultura sostenible y rentableForgasa | El futuro de la agricultura sostenible y rentableForgasa | El futuro de la agricultura sostenible y rentableForgasa | El futuro de la agricultura sostenible y rentableForgasa | El futuro de la agricultura sostenible y rentableForgasa | El futuro de la agricultura sostenible y rentableForgasa | El futuro de la agricultura sostenible y rentable\",\"description\":\"Forgasa, fabricantes de leofertilizantes. La agroevolution, el futuro de la agricultura sostenible y rentable basada en la leonardita.\",\"publisher\":{\"@id\":\"https:\\\/\\\/forgasa.com\\\/#organization\"},\"potentialAction\":[{\"@type\":\"SearchAction\",\"target\":{\"@type\":\"EntryPoint\",\"urlTemplate\":\"https:\\\/\\\/forgasa.com\\\/?s={search_term_string}\"},\"query-input\":{\"@type\":\"PropertyValueSpecification\",\"valueRequired\":true,\"valueName\":\"search_term_string\"}}],\"inLanguage\":\"en-GB\"},{\"@type\":\"Organization\",\"@id\":\"https:\\\/\\\/forgasa.com\\\/#organization\",\"name\":\"Forgasa\",\"url\":\"https:\\\/\\\/forgasa.com\\\/\",\"logo\":{\"@type\":\"ImageObject\",\"inLanguage\":\"en-GB\",\"@id\":\"https:\\\/\\\/forgasa.com\\\/#\\\/schema\\\/logo\\\/image\\\/\",\"url\":\"https:\\\/\\\/forgasa.com\\\/wp-content\\\/uploads\\\/2019\\\/12\\\/Logo-bola.png\",\"contentUrl\":\"https:\\\/\\\/forgasa.com\\\/wp-content\\\/uploads\\\/2019\\\/12\\\/Logo-bola.png\",\"width\":637,\"height\":654,\"caption\":\"Forgasa\"},\"image\":{\"@id\":\"https:\\\/\\\/forgasa.com\\\/#\\\/schema\\\/logo\\\/image\\\/\"},\"sameAs\":[\"https:\\\/\\\/www.linkedin.com\\\/company\\\/forgasa\\\/\"]}]}<\/script>\n<!-- \/ Yoast SEO plugin. -->","yoast_head_json":{"title":"Aviso legal | Forgasa | El futuro de la agricultura sostenible y rentableForgasa | El futuro de la agricultura sostenible y rentableForgasa | El futuro de la agricultura sostenible y rentableForgasa | El futuro de la agricultura sostenible y rentableForgasa | El futuro de la agricultura sostenible y rentableForgasa | El futuro de la agricultura sostenible y rentableForgasa | El futuro de la agricultura sostenible y rentable","robots":{"index":"noindex","follow":"nofollow"},"og_locale":"en_GB","og_type":"article","og_title":"Aviso legal | Forgasa | El futuro de la agricultura sostenible y rentableForgasa | El futuro de la agricultura sostenible y rentableForgasa | El futuro de la agricultura sostenible y rentableForgasa | El futuro de la agricultura sostenible y rentableForgasa | El futuro de la agricultura sostenible y rentableForgasa | El futuro de la agricultura sostenible y rentableForgasa | El futuro de la agricultura sostenible y rentable","og_description":"1.- \u00c1mbito de aplicaci\u00f3nLas presentes CONDICIONES GENERALES DE VENTA -en adelante CGV SAMCA- ser\u00e1n de aplicaci\u00f3n a todas las compraventas o suministros -en lo sucesivo, la VENTA-, en las que SAMCA sea suministrador o vendedor, de mercanc\u00edas o cualquier otro bien -en lo sucesivo, el OBJETO DE LA VENTA- para los que no se haya [&hellip;]","og_url":"https:\/\/fima.forgasa.com\/aviso-legal\/","og_site_name":"Forgasa | El futuro de la agricultura sostenible y rentableForgasa | El futuro de la agricultura sostenible y rentableForgasa | El futuro de la agricultura sostenible y rentableForgasa | El futuro de la agricultura sostenible y rentableForgasa | El futuro de la agricultura sostenible y rentableForgasa | El futuro de la agricultura sostenible y rentableForgasa | El futuro de la agricultura sostenible y rentable","article_modified_time":"2022-04-19T17:41:01+00:00","og_image":[{"width":512,"height":512,"url":"https:\/\/forgasa.com\/wp-content\/uploads\/2021\/05\/cropped-Favicon_FORGASA.png","type":"image\/png"}],"twitter_card":"summary_large_image","twitter_misc":{"Estimated reading time":"6 minutes"},"schema":{"@context":"https:\/\/schema.org","@graph":[{"@type":"WebPage","@id":"https:\/\/fima.forgasa.com\/aviso-legal\/","url":"https:\/\/fima.forgasa.com\/aviso-legal\/","name":"Aviso legal | Forgasa | El futuro de la agricultura sostenible y rentableForgasa | El futuro de la agricultura sostenible y rentableForgasa | El futuro de la agricultura sostenible y rentableForgasa | El futuro de la agricultura sostenible y rentableForgasa | El futuro de la agricultura sostenible y rentableForgasa | El futuro de la agricultura sostenible y rentableForgasa | El futuro de la agricultura sostenible y rentable","isPartOf":{"@id":"https:\/\/forgasa.com\/#website"},"datePublished":"2021-05-12T19:52:51+00:00","dateModified":"2022-04-19T17:41:01+00:00","breadcrumb":{"@id":"https:\/\/fima.forgasa.com\/aviso-legal\/#breadcrumb"},"inLanguage":"en-GB","potentialAction":[{"@type":"ReadAction","target":["https:\/\/fima.forgasa.com\/aviso-legal\/"]}]},{"@type":"BreadcrumbList","@id":"https:\/\/fima.forgasa.com\/aviso-legal\/#breadcrumb","itemListElement":[{"@type":"ListItem","position":1,"name":"Portada","item":"https:\/\/forgasa.com\/"},{"@type":"ListItem","position":2,"name":"Aviso legal"}]},{"@type":"WebSite","@id":"https:\/\/forgasa.com\/#website","url":"https:\/\/forgasa.com\/","name":"Forgasa | El futuro de la agricultura sostenible y rentableForgasa | El futuro de la agricultura sostenible y rentableForgasa | El futuro de la agricultura sostenible y rentableForgasa | El futuro de la agricultura sostenible y rentableForgasa | El futuro de la agricultura sostenible y rentableForgasa | El futuro de la agricultura sostenible y rentableForgasa | El futuro de la agricultura sostenible y rentable","description":"Forgasa, fabricantes de leofertilizantes. La agroevolution, el futuro de la agricultura sostenible y rentable basada en la leonardita.","publisher":{"@id":"https:\/\/forgasa.com\/#organization"},"potentialAction":[{"@type":"SearchAction","target":{"@type":"EntryPoint","urlTemplate":"https:\/\/forgasa.com\/?s={search_term_string}"},"query-input":{"@type":"PropertyValueSpecification","valueRequired":true,"valueName":"search_term_string"}}],"inLanguage":"en-GB"},{"@type":"Organization","@id":"https:\/\/forgasa.com\/#organization","name":"Forgasa","url":"https:\/\/forgasa.com\/","logo":{"@type":"ImageObject","inLanguage":"en-GB","@id":"https:\/\/forgasa.com\/#\/schema\/logo\/image\/","url":"https:\/\/forgasa.com\/wp-content\/uploads\/2019\/12\/Logo-bola.png","contentUrl":"https:\/\/forgasa.com\/wp-content\/uploads\/2019\/12\/Logo-bola.png","width":637,"height":654,"caption":"Forgasa"},"image":{"@id":"https:\/\/forgasa.com\/#\/schema\/logo\/image\/"},"sameAs":["https:\/\/www.linkedin.com\/company\/forgasa\/"]}]}},"_links":{"self":[{"href":"https:\/\/forgasa.com\/en\/wp-json\/wp\/v2\/pages\/2800","targetHints":{"allow":["GET"]}}],"collection":[{"href":"https:\/\/forgasa.com\/en\/wp-json\/wp\/v2\/pages"}],"about":[{"href":"https:\/\/forgasa.com\/en\/wp-json\/wp\/v2\/types\/page"}],"author":[{"embeddable":true,"href":"https:\/\/forgasa.com\/en\/wp-json\/wp\/v2\/users\/1"}],"replies":[{"embeddable":true,"href":"https:\/\/forgasa.com\/en\/wp-json\/wp\/v2\/comments?post=2800"}],"version-history":[{"count":5,"href":"https:\/\/forgasa.com\/en\/wp-json\/wp\/v2\/pages\/2800\/revisions"}],"predecessor-version":[{"id":4045,"href":"https:\/\/forgasa.com\/en\/wp-json\/wp\/v2\/pages\/2800\/revisions\/4045"}],"wp:attachment":[{"href":"https:\/\/forgasa.com\/en\/wp-json\/wp\/v2\/media?parent=2800"}],"curies":[{"name":"wp","href":"https:\/\/api.w.org\/{rel}","templated":true}]}}