{"id":5877,"date":"2022-11-25T18:33:42","date_gmt":"2022-11-25T17:33:42","guid":{"rendered":"https:\/\/forgasa.com\/?page_id=5877"},"modified":"2025-12-17T17:50:46","modified_gmt":"2025-12-17T16:50:46","slug":"programas","status":"publish","type":"page","link":"https:\/\/forgasa.com\/fr\/programas\/","title":{"rendered":"PROGRAMMES"},"content":{"rendered":"<div data-elementor-type=\"wp-page\" data-elementor-id=\"5877\" class=\"elementor elementor-5877\" data-elementor-post-type=\"page\">\n\t\t\t\t\t\t<section class=\"elementor-section elementor-top-section elementor-element elementor-element-d009b76 elementor-section-boxed elementor-section-height-default elementor-section-height-default\" data-id=\"d009b76\" data-element_type=\"section\" data-e-type=\"section\">\n\t\t\t\t\t\t<div class=\"elementor-container elementor-column-gap-default\">\n\t\t\t\t\t<div class=\"elementor-column elementor-col-100 elementor-top-column elementor-element elementor-element-c9adb59\" data-id=\"c9adb59\" data-element_type=\"column\" data-e-type=\"column\">\n\t\t\t<div class=\"elementor-widget-wrap elementor-element-populated\">\n\t\t\t\t\t\t<div class=\"elementor-element elementor-element-c8fd96c elementor-widget elementor-widget-spacer\" data-id=\"c8fd96c\" data-element_type=\"widget\" data-e-type=\"widget\" data-widget_type=\"spacer.default\">\n\t\t\t\t<div class=\"elementor-widget-container\">\n\t\t\t\t\t\t\t<div class=\"elementor-spacer\">\n\t\t\t<div class=\"elementor-spacer-inner\"><\/div>\n\t\t<\/div>\n\t\t\t\t\t\t<\/div>\n\t\t\t\t<\/div>\n\t\t\t\t\t<\/div>\n\t\t<\/div>\n\t\t\t\t\t<\/div>\n\t\t<\/section>\n\t\t\t\t<section class=\"elementor-section elementor-top-section elementor-element elementor-element-f0d8b58 elementor-section-boxed elementor-section-height-default elementor-section-height-default\" data-id=\"f0d8b58\" data-element_type=\"section\" data-e-type=\"section\">\n\t\t\t\t\t\t<div class=\"elementor-container elementor-column-gap-default\">\n\t\t\t\t\t<div class=\"elementor-column elementor-col-100 elementor-top-column elementor-element elementor-element-e0dbe93\" data-id=\"e0dbe93\" data-element_type=\"column\" data-e-type=\"column\">\n\t\t\t<div class=\"elementor-widget-wrap elementor-element-populated\">\n\t\t\t\t\t\t<div class=\"elementor-element elementor-element-7196344 elementor-widget elementor-widget-text-editor\" data-id=\"7196344\" data-element_type=\"widget\" data-e-type=\"widget\" data-widget_type=\"text-editor.default\">\n\t\t\t\t<div class=\"elementor-widget-container\">\n\t\t\t\t\t\t\t\t\t<p style=\"font-weight: 400;\"><strong>CENTRAL SOLAR FOTOVOLTAICA DE AUTOCONSUMO<\/strong><\/p><p style=\"font-weight: 400;\">En l\u00ednea con el compromiso de FORGASA con la innovaci\u00f3n, el medioambiente y la eficiencia energ\u00e9tica y dentro de sus actuaciones en \u00e9ste \u00e1mbito, se ha llevado a cabo una actuaci\u00f3n de ahorro energ\u00e9tico y reducci\u00f3n de emisiones de CO2 con la instalaci\u00f3n de una planta solar fotovoltaica\u00a0 de 462 kWp. \u00a0La inversi\u00f3n elegible ha sido de 354.050,35 \u20ac y la ayuda concedida de 69.207,60 \u20ac.<\/p>\t\t\t\t\t\t\t\t<\/div>\n\t\t\t\t<\/div>\n\t\t\t\t<div class=\"elementor-element elementor-element-6c2c4ab elementor-widget elementor-widget-spacer\" data-id=\"6c2c4ab\" data-element_type=\"widget\" data-e-type=\"widget\" data-widget_type=\"spacer.default\">\n\t\t\t\t<div class=\"elementor-widget-container\">\n\t\t\t\t\t\t\t<div class=\"elementor-spacer\">\n\t\t\t<div class=\"elementor-spacer-inner\"><\/div>\n\t\t<\/div>\n\t\t\t\t\t\t<\/div>\n\t\t\t\t<\/div>\n\t\t\t\t\t<\/div>\n\t\t<\/div>\n\t\t\t\t\t<\/div>\n\t\t<\/section>\n\t\t\t\t<section class=\"elementor-section elementor-top-section elementor-element elementor-element-7c60c34 elementor-section-boxed elementor-section-height-default elementor-section-height-default\" data-id=\"7c60c34\" data-element_type=\"section\" data-e-type=\"section\">\n\t\t\t\t\t\t<div class=\"elementor-container elementor-column-gap-default\">\n\t\t\t\t\t<div class=\"elementor-column elementor-col-100 elementor-top-column elementor-element elementor-element-6a74de6\" data-id=\"6a74de6\" data-element_type=\"column\" data-e-type=\"column\">\n\t\t\t<div class=\"elementor-widget-wrap elementor-element-populated\">\n\t\t\t\t\t\t<div class=\"elementor-element elementor-element-bbd5335 elementor-widget elementor-widget-image\" data-id=\"bbd5335\" data-element_type=\"widget\" data-e-type=\"widget\" data-widget_type=\"image.default\">\n\t\t\t\t<div class=\"elementor-widget-container\">\n\t\t\t\t\t\t\t\t\t\t\t\t\t\t\t<img fetchpriority=\"high\" decoding=\"async\" width=\"1227\" height=\"865\" src=\"https:\/\/forgasa.com\/wp-content\/uploads\/2025\/12\/cartel-fotovoltaica-sin-logo-forgasa.jpg\" class=\"attachment-large size-large wp-image-7038\" alt=\"\" srcset=\"https:\/\/forgasa.com\/wp-content\/uploads\/2025\/12\/cartel-fotovoltaica-sin-logo-forgasa.jpg 1227w, https:\/\/forgasa.com\/wp-content\/uploads\/2025\/12\/cartel-fotovoltaica-sin-logo-forgasa-300x211.jpg 300w, https:\/\/forgasa.com\/wp-content\/uploads\/2025\/12\/cartel-fotovoltaica-sin-logo-forgasa-768x541.jpg 768w, https:\/\/forgasa.com\/wp-content\/uploads\/2025\/12\/cartel-fotovoltaica-sin-logo-forgasa-18x12.jpg 18w\" sizes=\"(max-width: 1227px) 100vw, 1227px\" \/>\t\t\t\t\t\t\t\t\t\t\t\t\t\t\t<\/div>\n\t\t\t\t<\/div>\n\t\t\t\t\t<\/div>\n\t\t<\/div>\n\t\t\t\t\t<\/div>\n\t\t<\/section>\n\t\t\t\t<section class=\"elementor-section elementor-top-section elementor-element elementor-element-59aa773 elementor-section-boxed elementor-section-height-default elementor-section-height-default\" data-id=\"59aa773\" data-element_type=\"section\" data-e-type=\"section\">\n\t\t\t\t\t\t<div class=\"elementor-container elementor-column-gap-default\">\n\t\t\t\t\t<div class=\"elementor-column elementor-col-100 elementor-top-column elementor-element elementor-element-954b325\" data-id=\"954b325\" data-element_type=\"column\" data-e-type=\"column\">\n\t\t\t<div class=\"elementor-widget-wrap elementor-element-populated\">\n\t\t\t\t\t\t<div class=\"elementor-element elementor-element-4238532 elementor-widget elementor-widget-spacer\" data-id=\"4238532\" data-element_type=\"widget\" data-e-type=\"widget\" data-widget_type=\"spacer.default\">\n\t\t\t\t<div class=\"elementor-widget-container\">\n\t\t\t\t\t\t\t<div class=\"elementor-spacer\">\n\t\t\t<div class=\"elementor-spacer-inner\"><\/div>\n\t\t<\/div>\n\t\t\t\t\t\t<\/div>\n\t\t\t\t<\/div>\n\t\t\t\t<div class=\"elementor-element elementor-element-d0ff3c8 elementor-widget-divider--view-line elementor-widget elementor-widget-divider\" data-id=\"d0ff3c8\" data-element_type=\"widget\" data-e-type=\"widget\" data-widget_type=\"divider.default\">\n\t\t\t\t<div class=\"elementor-widget-container\">\n\t\t\t\t\t\t\t<div class=\"elementor-divider\">\n\t\t\t<span class=\"elementor-divider-separator\">\n\t\t\t\t\t\t<\/span>\n\t\t<\/div>\n\t\t\t\t\t\t<\/div>\n\t\t\t\t<\/div>\n\t\t\t\t<div class=\"elementor-element elementor-element-0338d92 elementor-widget elementor-widget-spacer\" data-id=\"0338d92\" data-element_type=\"widget\" data-e-type=\"widget\" data-widget_type=\"spacer.default\">\n\t\t\t\t<div class=\"elementor-widget-container\">\n\t\t\t\t\t\t\t<div class=\"elementor-spacer\">\n\t\t\t<div class=\"elementor-spacer-inner\"><\/div>\n\t\t<\/div>\n\t\t\t\t\t\t<\/div>\n\t\t\t\t<\/div>\n\t\t\t\t\t<\/div>\n\t\t<\/div>\n\t\t\t\t\t<\/div>\n\t\t<\/section>\n\t\t\t\t<section class=\"elementor-section elementor-top-section elementor-element elementor-element-30ae5ec elementor-section-boxed elementor-section-height-default elementor-section-height-default\" data-id=\"30ae5ec\" data-element_type=\"section\" data-e-type=\"section\">\n\t\t\t\t\t\t<div class=\"elementor-container elementor-column-gap-default\">\n\t\t\t\t\t<div class=\"elementor-column elementor-col-100 elementor-top-column elementor-element elementor-element-8d288cd\" data-id=\"8d288cd\" data-element_type=\"column\" data-e-type=\"column\">\n\t\t\t<div class=\"elementor-widget-wrap elementor-element-populated\">\n\t\t\t\t\t\t<div class=\"elementor-element elementor-element-5a68efc elementor-widget elementor-widget-image\" data-id=\"5a68efc\" data-element_type=\"widget\" data-e-type=\"widget\" data-widget_type=\"image.default\">\n\t\t\t\t<div class=\"elementor-widget-container\">\n\t\t\t\t\t\t\t\t\t\t\t\t\t\t\t<img decoding=\"async\" width=\"2560\" height=\"1799\" data-src=\"https:\/\/forgasa.com\/wp-content\/uploads\/2022\/11\/Modelo-cartel-WEB-FEDER-REACT-UE-1-1-scaled.jpg\" class=\"attachment-large size-large wp-image-5899 lazyload\" alt=\"\" data-srcset=\"https:\/\/forgasa.com\/wp-content\/uploads\/2022\/11\/Modelo-cartel-WEB-FEDER-REACT-UE-1-1-scaled.jpg 2560w, https:\/\/forgasa.com\/wp-content\/uploads\/2022\/11\/Modelo-cartel-WEB-FEDER-REACT-UE-1-1-300x211.jpg 300w, https:\/\/forgasa.com\/wp-content\/uploads\/2022\/11\/Modelo-cartel-WEB-FEDER-REACT-UE-1-1-768x540.jpg 768w, https:\/\/forgasa.com\/wp-content\/uploads\/2022\/11\/Modelo-cartel-WEB-FEDER-REACT-UE-1-1-1536x1079.jpg 1536w, https:\/\/forgasa.com\/wp-content\/uploads\/2022\/11\/Modelo-cartel-WEB-FEDER-REACT-UE-1-1-2048x1439.jpg 2048w\" data-sizes=\"(max-width: 2560px) 100vw, 2560px\" src=\"data:image\/svg+xml;base64,PHN2ZyB3aWR0aD0iMSIgaGVpZ2h0PSIxIiB4bWxucz0iaHR0cDovL3d3dy53My5vcmcvMjAwMC9zdmciPjwvc3ZnPg==\" style=\"--smush-placeholder-width: 2560px; --smush-placeholder-aspect-ratio: 2560\/1799;\" \/>\t\t\t\t\t\t\t\t\t\t\t\t\t\t\t<\/div>\n\t\t\t\t<\/div>\n\t\t\t\t\t<\/div>\n\t\t<\/div>\n\t\t\t\t\t<\/div>\n\t\t<\/section>\n\t\t\t\t<section class=\"elementor-section elementor-top-section elementor-element elementor-element-0023bbc elementor-section-boxed elementor-section-height-default elementor-section-height-default\" data-id=\"0023bbc\" data-element_type=\"section\" data-e-type=\"section\">\n\t\t\t\t\t\t<div class=\"elementor-container elementor-column-gap-default\">\n\t\t\t\t\t<div class=\"elementor-column elementor-col-100 elementor-top-column elementor-element elementor-element-5aa9ab7\" data-id=\"5aa9ab7\" data-element_type=\"column\" data-e-type=\"column\">\n\t\t\t<div class=\"elementor-widget-wrap elementor-element-populated\">\n\t\t\t\t\t\t<div class=\"elementor-element elementor-element-5d92131 elementor-widget elementor-widget-spacer\" data-id=\"5d92131\" data-element_type=\"widget\" data-e-type=\"widget\" data-widget_type=\"spacer.default\">\n\t\t\t\t<div class=\"elementor-widget-container\">\n\t\t\t\t\t\t\t<div class=\"elementor-spacer\">\n\t\t\t<div class=\"elementor-spacer-inner\"><\/div>\n\t\t<\/div>\n\t\t\t\t\t\t<\/div>\n\t\t\t\t<\/div>\n\t\t\t\t\t<\/div>\n\t\t<\/div>\n\t\t\t\t\t<\/div>\n\t\t<\/section>\n\t\t\t\t<\/div>","protected":false},"excerpt":{"rendered":"<p>CENTRAL SOLAR FOTOVOLTAICA DE AUTOCONSUMO En l\u00ednea con el compromiso de FORGASA con la innovaci\u00f3n, el medioambiente y la eficiencia energ\u00e9tica y dentro de sus actuaciones en \u00e9ste \u00e1mbito, se ha llevado a cabo una actuaci\u00f3n de ahorro energ\u00e9tico y reducci\u00f3n de emisiones de CO2 con la instalaci\u00f3n de una planta solar fotovoltaica\u00a0 de 462 [&hellip;]<\/p>\n","protected":false},"author":8,"featured_media":0,"parent":0,"menu_order":0,"comment_status":"closed","ping_status":"closed","template":"","meta":{"_crdt_document":"","footnotes":""},"class_list":["post-5877","page","type-page","status-publish","hentry"],"nelio_popups_active_popup":"","yoast_head":"<!-- This site is optimized with the Yoast SEO plugin v27.4 - https:\/\/yoast.com\/product\/yoast-seo-wordpress\/ -->\n<title>PROGRAMAS | Forgasa | El futuro de la agricultura sostenible y rentableForgasa | El futuro de la agricultura sostenible y rentableForgasa | El futuro de la agricultura sostenible y rentableForgasa | El futuro de la agricultura sostenible y rentableForgasa | El futuro de la agricultura sostenible y rentableForgasa | El futuro de la agricultura sostenible y rentableForgasa | El futuro de la agricultura sostenible y rentable<\/title>\n<meta name=\"robots\" content=\"index, follow, max-snippet:-1, max-image-preview:large, max-video-preview:-1\" \/>\n<link rel=\"canonical\" href=\"https:\/\/forgasa.com\/fr\/programas\/\" \/>\n<meta property=\"og:locale\" content=\"fr_FR\" \/>\n<meta property=\"og:type\" content=\"article\" \/>\n<meta property=\"og:title\" content=\"PROGRAMAS | Forgasa | El futuro de la agricultura sostenible y rentableForgasa | El futuro de la agricultura sostenible y rentableForgasa | El futuro de la agricultura sostenible y rentableForgasa | El futuro de la agricultura sostenible y rentableForgasa | El futuro de la agricultura sostenible y rentableForgasa | El futuro de la agricultura sostenible y rentableForgasa | El futuro de la agricultura sostenible y rentable\" \/>\n<meta property=\"og:description\" content=\"CENTRAL SOLAR FOTOVOLTAICA DE AUTOCONSUMO En l\u00ednea con el compromiso de FORGASA con la innovaci\u00f3n, el medioambiente y la eficiencia energ\u00e9tica y dentro de sus actuaciones en \u00e9ste \u00e1mbito, se ha llevado a cabo una actuaci\u00f3n de ahorro energ\u00e9tico y reducci\u00f3n de emisiones de CO2 con la instalaci\u00f3n de una planta solar fotovoltaica\u00a0 de 462 [&hellip;]\" \/>\n<meta property=\"og:url\" content=\"https:\/\/forgasa.com\/fr\/programas\/\" \/>\n<meta property=\"og:site_name\" content=\"Forgasa | El futuro de la agricultura sostenible y rentableForgasa | El futuro de la agricultura sostenible y rentableForgasa | El futuro de la agricultura sostenible y rentableForgasa | El futuro de la agricultura sostenible y rentableForgasa | El futuro de la agricultura sostenible y rentableForgasa | El futuro de la agricultura sostenible y rentableForgasa | El futuro de la agricultura sostenible y rentable\" \/>\n<meta property=\"article:modified_time\" content=\"2025-12-17T16:50:46+00:00\" \/>\n<meta property=\"og:image\" content=\"https:\/\/forgasa.com\/wp-content\/uploads\/2025\/12\/cartel-fotovoltaica-sin-logo-forgasa.jpg\" \/>\n\t<meta property=\"og:image:width\" content=\"1227\" \/>\n\t<meta property=\"og:image:height\" content=\"865\" \/>\n\t<meta property=\"og:image:type\" content=\"image\/jpeg\" \/>\n<meta name=\"twitter:card\" content=\"summary_large_image\" \/>\n<meta name=\"twitter:label1\" content=\"Dur\u00e9e de lecture estim\u00e9e\" \/>\n\t<meta name=\"twitter:data1\" content=\"1 minute\" \/>\n<script type=\"application\/ld+json\" class=\"yoast-schema-graph\">{\"@context\":\"https:\\\/\\\/schema.org\",\"@graph\":[{\"@type\":\"WebPage\",\"@id\":\"https:\\\/\\\/forgasa.com\\\/programas\\\/\",\"url\":\"https:\\\/\\\/forgasa.com\\\/programas\\\/\",\"name\":\"PROGRAMAS | Forgasa | El futuro de la agricultura sostenible y rentableForgasa | El futuro de la agricultura sostenible y rentableForgasa | El futuro de la agricultura sostenible y rentableForgasa | El futuro de la agricultura sostenible y rentableForgasa | El futuro de la agricultura sostenible y rentableForgasa | El futuro de la agricultura sostenible y rentableForgasa | El futuro de la agricultura sostenible y rentable\",\"isPartOf\":{\"@id\":\"https:\\\/\\\/forgasa.com\\\/#website\"},\"primaryImageOfPage\":{\"@id\":\"https:\\\/\\\/forgasa.com\\\/programas\\\/#primaryimage\"},\"image\":{\"@id\":\"https:\\\/\\\/forgasa.com\\\/programas\\\/#primaryimage\"},\"thumbnailUrl\":\"https:\\\/\\\/forgasa.com\\\/wp-content\\\/uploads\\\/2025\\\/12\\\/cartel-fotovoltaica-sin-logo-forgasa.jpg\",\"datePublished\":\"2022-11-25T17:33:42+00:00\",\"dateModified\":\"2025-12-17T16:50:46+00:00\",\"breadcrumb\":{\"@id\":\"https:\\\/\\\/forgasa.com\\\/programas\\\/#breadcrumb\"},\"inLanguage\":\"fr-FR\",\"potentialAction\":[{\"@type\":\"ReadAction\",\"target\":[\"https:\\\/\\\/forgasa.com\\\/programas\\\/\"]}]},{\"@type\":\"ImageObject\",\"inLanguage\":\"fr-FR\",\"@id\":\"https:\\\/\\\/forgasa.com\\\/programas\\\/#primaryimage\",\"url\":\"https:\\\/\\\/forgasa.com\\\/wp-content\\\/uploads\\\/2025\\\/12\\\/cartel-fotovoltaica-sin-logo-forgasa.jpg\",\"contentUrl\":\"https:\\\/\\\/forgasa.com\\\/wp-content\\\/uploads\\\/2025\\\/12\\\/cartel-fotovoltaica-sin-logo-forgasa.jpg\"},{\"@type\":\"BreadcrumbList\",\"@id\":\"https:\\\/\\\/forgasa.com\\\/programas\\\/#breadcrumb\",\"itemListElement\":[{\"@type\":\"ListItem\",\"position\":1,\"name\":\"Portada\",\"item\":\"https:\\\/\\\/forgasa.com\\\/\"},{\"@type\":\"ListItem\",\"position\":2,\"name\":\"PROGRAMAS\"}]},{\"@type\":\"WebSite\",\"@id\":\"https:\\\/\\\/forgasa.com\\\/#website\",\"url\":\"https:\\\/\\\/forgasa.com\\\/\",\"name\":\"Forgasa | El futuro de la agricultura sostenible y rentableForgasa | El futuro de la agricultura sostenible y rentableForgasa | El futuro de la agricultura sostenible y rentableForgasa | El futuro de la agricultura sostenible y rentableForgasa | El futuro de la agricultura sostenible y rentableForgasa | El futuro de la agricultura sostenible y rentableForgasa | El futuro de la agricultura sostenible y rentable\",\"description\":\"Forgasa, fabricantes de leofertilizantes. La agroevolution, el futuro de la agricultura sostenible y rentable basada en la leonardita.\",\"publisher\":{\"@id\":\"https:\\\/\\\/forgasa.com\\\/#organization\"},\"potentialAction\":[{\"@type\":\"SearchAction\",\"target\":{\"@type\":\"EntryPoint\",\"urlTemplate\":\"https:\\\/\\\/forgasa.com\\\/?s={search_term_string}\"},\"query-input\":{\"@type\":\"PropertyValueSpecification\",\"valueRequired\":true,\"valueName\":\"search_term_string\"}}],\"inLanguage\":\"fr-FR\"},{\"@type\":\"Organization\",\"@id\":\"https:\\\/\\\/forgasa.com\\\/#organization\",\"name\":\"Forgasa\",\"url\":\"https:\\\/\\\/forgasa.com\\\/\",\"logo\":{\"@type\":\"ImageObject\",\"inLanguage\":\"fr-FR\",\"@id\":\"https:\\\/\\\/forgasa.com\\\/#\\\/schema\\\/logo\\\/image\\\/\",\"url\":\"https:\\\/\\\/forgasa.com\\\/wp-content\\\/uploads\\\/2019\\\/12\\\/Logo-bola.png\",\"contentUrl\":\"https:\\\/\\\/forgasa.com\\\/wp-content\\\/uploads\\\/2019\\\/12\\\/Logo-bola.png\",\"width\":637,\"height\":654,\"caption\":\"Forgasa\"},\"image\":{\"@id\":\"https:\\\/\\\/forgasa.com\\\/#\\\/schema\\\/logo\\\/image\\\/\"},\"sameAs\":[\"https:\\\/\\\/www.linkedin.com\\\/company\\\/forgasa\\\/\"]}]}<\/script>\n<!-- \/ Yoast SEO plugin. -->","yoast_head_json":{"title":"PROGRAMAS | Forgasa | El futuro de la agricultura sostenible y rentableForgasa | El futuro de la agricultura sostenible y rentableForgasa | El futuro de la agricultura sostenible y rentableForgasa | El futuro de la agricultura sostenible y rentableForgasa | El futuro de la agricultura sostenible y rentableForgasa | El futuro de la agricultura sostenible y rentableForgasa | El futuro de la agricultura sostenible y rentable","robots":{"index":"index","follow":"follow","max-snippet":"max-snippet:-1","max-image-preview":"max-image-preview:large","max-video-preview":"max-video-preview:-1"},"canonical":"https:\/\/forgasa.com\/fr\/programas\/","og_locale":"fr_FR","og_type":"article","og_title":"PROGRAMAS | Forgasa | El futuro de la agricultura sostenible y rentableForgasa | El futuro de la agricultura sostenible y rentableForgasa | El futuro de la agricultura sostenible y rentableForgasa | El futuro de la agricultura sostenible y rentableForgasa | El futuro de la agricultura sostenible y rentableForgasa | El futuro de la agricultura sostenible y rentableForgasa | El futuro de la agricultura sostenible y rentable","og_description":"CENTRAL SOLAR FOTOVOLTAICA DE AUTOCONSUMO En l\u00ednea con el compromiso de FORGASA con la innovaci\u00f3n, el medioambiente y la eficiencia energ\u00e9tica y dentro de sus actuaciones en \u00e9ste \u00e1mbito, se ha llevado a cabo una actuaci\u00f3n de ahorro energ\u00e9tico y reducci\u00f3n de emisiones de CO2 con la instalaci\u00f3n de una planta solar fotovoltaica\u00a0 de 462 [&hellip;]","og_url":"https:\/\/forgasa.com\/fr\/programas\/","og_site_name":"Forgasa | El futuro de la agricultura sostenible y rentableForgasa | El futuro de la agricultura sostenible y rentableForgasa | El futuro de la agricultura sostenible y rentableForgasa | El futuro de la agricultura sostenible y rentableForgasa | El futuro de la agricultura sostenible y rentableForgasa | El futuro de la agricultura sostenible y rentableForgasa | El futuro de la agricultura sostenible y rentable","article_modified_time":"2025-12-17T16:50:46+00:00","og_image":[{"width":1227,"height":865,"url":"https:\/\/forgasa.com\/wp-content\/uploads\/2025\/12\/cartel-fotovoltaica-sin-logo-forgasa.jpg","type":"image\/jpeg"}],"twitter_card":"summary_large_image","twitter_misc":{"Dur\u00e9e de lecture estim\u00e9e":"1 minute"},"schema":{"@context":"https:\/\/schema.org","@graph":[{"@type":"WebPage","@id":"https:\/\/forgasa.com\/programas\/","url":"https:\/\/forgasa.com\/programas\/","name":"PROGRAMAS | Forgasa | El futuro de la agricultura sostenible y rentableForgasa | El futuro de la agricultura sostenible y rentableForgasa | El futuro de la agricultura sostenible y rentableForgasa | El futuro de la agricultura sostenible y rentableForgasa | El futuro de la agricultura sostenible y rentableForgasa | El futuro de la agricultura sostenible y rentableForgasa | El futuro de la agricultura sostenible y rentable","isPartOf":{"@id":"https:\/\/forgasa.com\/#website"},"primaryImageOfPage":{"@id":"https:\/\/forgasa.com\/programas\/#primaryimage"},"image":{"@id":"https:\/\/forgasa.com\/programas\/#primaryimage"},"thumbnailUrl":"https:\/\/forgasa.com\/wp-content\/uploads\/2025\/12\/cartel-fotovoltaica-sin-logo-forgasa.jpg","datePublished":"2022-11-25T17:33:42+00:00","dateModified":"2025-12-17T16:50:46+00:00","breadcrumb":{"@id":"https:\/\/forgasa.com\/programas\/#breadcrumb"},"inLanguage":"fr-FR","potentialAction":[{"@type":"ReadAction","target":["https:\/\/forgasa.com\/programas\/"]}]},{"@type":"ImageObject","inLanguage":"fr-FR","@id":"https:\/\/forgasa.com\/programas\/#primaryimage","url":"https:\/\/forgasa.com\/wp-content\/uploads\/2025\/12\/cartel-fotovoltaica-sin-logo-forgasa.jpg","contentUrl":"https:\/\/forgasa.com\/wp-content\/uploads\/2025\/12\/cartel-fotovoltaica-sin-logo-forgasa.jpg"},{"@type":"BreadcrumbList","@id":"https:\/\/forgasa.com\/programas\/#breadcrumb","itemListElement":[{"@type":"ListItem","position":1,"name":"Portada","item":"https:\/\/forgasa.com\/"},{"@type":"ListItem","position":2,"name":"PROGRAMAS"}]},{"@type":"WebSite","@id":"https:\/\/forgasa.com\/#website","url":"https:\/\/forgasa.com\/","name":"Forgasa | El futuro de la agricultura sostenible y rentableForgasa | El futuro de la agricultura sostenible y rentableForgasa | El futuro de la agricultura sostenible y rentableForgasa | El futuro de la agricultura sostenible y rentableForgasa | El futuro de la agricultura sostenible y rentableForgasa | El futuro de la agricultura sostenible y rentableForgasa | El futuro de la agricultura sostenible y rentable","description":"Forgasa, fabricantes de leofertilizantes. La agroevolution, el futuro de la agricultura sostenible y rentable basada en la leonardita.","publisher":{"@id":"https:\/\/forgasa.com\/#organization"},"potentialAction":[{"@type":"SearchAction","target":{"@type":"EntryPoint","urlTemplate":"https:\/\/forgasa.com\/?s={search_term_string}"},"query-input":{"@type":"PropertyValueSpecification","valueRequired":true,"valueName":"search_term_string"}}],"inLanguage":"fr-FR"},{"@type":"Organization","@id":"https:\/\/forgasa.com\/#organization","name":"Forgasa","url":"https:\/\/forgasa.com\/","logo":{"@type":"ImageObject","inLanguage":"fr-FR","@id":"https:\/\/forgasa.com\/#\/schema\/logo\/image\/","url":"https:\/\/forgasa.com\/wp-content\/uploads\/2019\/12\/Logo-bola.png","contentUrl":"https:\/\/forgasa.com\/wp-content\/uploads\/2019\/12\/Logo-bola.png","width":637,"height":654,"caption":"Forgasa"},"image":{"@id":"https:\/\/forgasa.com\/#\/schema\/logo\/image\/"},"sameAs":["https:\/\/www.linkedin.com\/company\/forgasa\/"]}]}},"_links":{"self":[{"href":"https:\/\/forgasa.com\/fr\/wp-json\/wp\/v2\/pages\/5877","targetHints":{"allow":["GET"]}}],"collection":[{"href":"https:\/\/forgasa.com\/fr\/wp-json\/wp\/v2\/pages"}],"about":[{"href":"https:\/\/forgasa.com\/fr\/wp-json\/wp\/v2\/types\/page"}],"author":[{"embeddable":true,"href":"https:\/\/forgasa.com\/fr\/wp-json\/wp\/v2\/users\/8"}],"replies":[{"embeddable":true,"href":"https:\/\/forgasa.com\/fr\/wp-json\/wp\/v2\/comments?post=5877"}],"version-history":[{"count":5,"href":"https:\/\/forgasa.com\/fr\/wp-json\/wp\/v2\/pages\/5877\/revisions"}],"predecessor-version":[{"id":7041,"href":"https:\/\/forgasa.com\/fr\/wp-json\/wp\/v2\/pages\/5877\/revisions\/7041"}],"wp:attachment":[{"href":"https:\/\/forgasa.com\/fr\/wp-json\/wp\/v2\/media?parent=5877"}],"curies":[{"name":"wp","href":"https:\/\/api.w.org\/{rel}","templated":true}]}}